{"id":6457,"date":"2015-11-02T07:06:03","date_gmt":"2015-11-02T07:06:03","guid":{"rendered":"http:\/\/taxibrela.com\/homepage\/?lang=hr"},"modified":"2025-03-18T10:12:50","modified_gmt":"2025-03-18T09:12:50","slug":"pocetna","status":"publish","type":"page","link":"https:\/\/taxibrela.com\/hr\/","title":{"rendered":"Po\u010detna"},"content":{"rendered":"","protected":false},"excerpt":{"rendered":"","protected":false},"author":1,"featured_media":0,"parent":0,"menu_order":0,"comment_status":"closed","ping_status":"closed","template":"","meta":{"footnotes":""},"class_list":["post-6457","page","type-page","status-publish","hentry"],"yoast_head":"<!-- This site is optimized with the Yoast SEO plugin v24.7 - https:\/\/yoast.com\/wordpress\/plugins\/seo\/ -->\n<title>Taxi Brela - Usluge taxi prijevoza, transfera i izleta 0-24 sata<\/title>\n<meta name=\"description\" content=\"Taxi Brela je tvrtka za obavljanje usluga putni\u010dkog prijevoza u lokalnom i me\u0111unarodnom prometu. Vr\u0161imo usluge taxi prijevoza, transfera i izleta.\" \/>\n<meta name=\"robots\" content=\"index, follow, max-snippet:-1, max-image-preview:large, max-video-preview:-1\" \/>\n<link rel=\"canonical\" href=\"https:\/\/taxibrela.com\/hr\/\" \/>\n<meta property=\"og:locale\" content=\"hr_HR\" \/>\n<meta property=\"og:type\" content=\"article\" \/>\n<meta property=\"og:title\" content=\"Taxi Brela - Usluge taxi prijevoza, transfera i izleta 0-24 sata\" \/>\n<meta property=\"og:description\" content=\"Taxi Brela je tvrtka za obavljanje usluga putni\u010dkog prijevoza u lokalnom i me\u0111unarodnom prometu. Vr\u0161imo usluge taxi prijevoza, transfera i izleta.\" \/>\n<meta property=\"og:url\" content=\"https:\/\/taxibrela.com\/hr\/\" \/>\n<meta property=\"og:site_name\" content=\"Taxi Brela\" \/>\n<meta property=\"article:publisher\" content=\"https:\/\/www.facebook.com\/taxirobibrela\/\" \/>\n<meta property=\"article:modified_time\" content=\"2025-03-18T09:12:50+00:00\" \/>\n<meta name=\"twitter:card\" content=\"summary_large_image\" \/>\n<script type=\"application\/ld+json\" class=\"yoast-schema-graph\">{\"@context\":\"https:\/\/schema.org\",\"@graph\":[{\"@type\":\"WebPage\",\"@id\":\"https:\/\/taxibrela.com\/hr\/\",\"url\":\"https:\/\/taxibrela.com\/hr\/\",\"name\":\"Taxi Brela - Usluge taxi prijevoza, transfera i izleta 0-24 sata\",\"isPartOf\":{\"@id\":\"https:\/\/taxibrela.com\/#website\"},\"datePublished\":\"2015-11-02T07:06:03+00:00\",\"dateModified\":\"2025-03-18T09:12:50+00:00\",\"description\":\"Taxi Brela je tvrtka za obavljanje usluga putni\u010dkog prijevoza u lokalnom i me\u0111unarodnom prometu. Vr\u0161imo usluge taxi prijevoza, transfera i izleta.\",\"breadcrumb\":{\"@id\":\"https:\/\/taxibrela.com\/hr\/#breadcrumb\"},\"inLanguage\":\"hr\",\"potentialAction\":[{\"@type\":\"ReadAction\",\"target\":[\"https:\/\/taxibrela.com\/hr\/\"]}]},{\"@type\":\"BreadcrumbList\",\"@id\":\"https:\/\/taxibrela.com\/hr\/#breadcrumb\",\"itemListElement\":[{\"@type\":\"ListItem\",\"position\":1,\"name\":\"Home\",\"item\":\"https:\/\/taxibrela.com\/hr\/\"},{\"@type\":\"ListItem\",\"position\":2,\"name\":\"Po\u010detna\"}]},{\"@type\":\"WebSite\",\"@id\":\"https:\/\/taxibrela.com\/#website\",\"url\":\"https:\/\/taxibrela.com\/\",\"name\":\"Taxi Brela\",\"description\":\"Taxi Brela\",\"potentialAction\":[{\"@type\":\"SearchAction\",\"target\":{\"@type\":\"EntryPoint\",\"urlTemplate\":\"https:\/\/taxibrela.com\/?s={search_term_string}\"},\"query-input\":{\"@type\":\"PropertyValueSpecification\",\"valueRequired\":true,\"valueName\":\"search_term_string\"}}],\"inLanguage\":\"hr\"}]}<\/script>\n<!-- \/ Yoast SEO plugin. -->","yoast_head_json":{"title":"Taxi Brela - Usluge taxi prijevoza, transfera i izleta 0-24 sata","description":"Taxi Brela je tvrtka za obavljanje usluga putni\u010dkog prijevoza u lokalnom i me\u0111unarodnom prometu. Vr\u0161imo usluge taxi prijevoza, transfera i izleta.","robots":{"index":"index","follow":"follow","max-snippet":"max-snippet:-1","max-image-preview":"max-image-preview:large","max-video-preview":"max-video-preview:-1"},"canonical":"https:\/\/taxibrela.com\/hr\/","og_locale":"hr_HR","og_type":"article","og_title":"Taxi Brela - Usluge taxi prijevoza, transfera i izleta 0-24 sata","og_description":"Taxi Brela je tvrtka za obavljanje usluga putni\u010dkog prijevoza u lokalnom i me\u0111unarodnom prometu. Vr\u0161imo usluge taxi prijevoza, transfera i izleta.","og_url":"https:\/\/taxibrela.com\/hr\/","og_site_name":"Taxi Brela","article_publisher":"https:\/\/www.facebook.com\/taxirobibrela\/","article_modified_time":"2025-03-18T09:12:50+00:00","twitter_card":"summary_large_image","schema":{"@context":"https:\/\/schema.org","@graph":[{"@type":"WebPage","@id":"https:\/\/taxibrela.com\/hr\/","url":"https:\/\/taxibrela.com\/hr\/","name":"Taxi Brela - Usluge taxi prijevoza, transfera i izleta 0-24 sata","isPartOf":{"@id":"https:\/\/taxibrela.com\/#website"},"datePublished":"2015-11-02T07:06:03+00:00","dateModified":"2025-03-18T09:12:50+00:00","description":"Taxi Brela je tvrtka za obavljanje usluga putni\u010dkog prijevoza u lokalnom i me\u0111unarodnom prometu. Vr\u0161imo usluge taxi prijevoza, transfera i izleta.","breadcrumb":{"@id":"https:\/\/taxibrela.com\/hr\/#breadcrumb"},"inLanguage":"hr","potentialAction":[{"@type":"ReadAction","target":["https:\/\/taxibrela.com\/hr\/"]}]},{"@type":"BreadcrumbList","@id":"https:\/\/taxibrela.com\/hr\/#breadcrumb","itemListElement":[{"@type":"ListItem","position":1,"name":"Home","item":"https:\/\/taxibrela.com\/hr\/"},{"@type":"ListItem","position":2,"name":"Po\u010detna"}]},{"@type":"WebSite","@id":"https:\/\/taxibrela.com\/#website","url":"https:\/\/taxibrela.com\/","name":"Taxi Brela","description":"Taxi Brela","potentialAction":[{"@type":"SearchAction","target":{"@type":"EntryPoint","urlTemplate":"https:\/\/taxibrela.com\/?s={search_term_string}"},"query-input":{"@type":"PropertyValueSpecification","valueRequired":true,"valueName":"search_term_string"}}],"inLanguage":"hr"}]}},"_links":{"self":[{"href":"https:\/\/taxibrela.com\/hr\/wp-json\/wp\/v2\/pages\/6457","targetHints":{"allow":["GET"]}}],"collection":[{"href":"https:\/\/taxibrela.com\/hr\/wp-json\/wp\/v2\/pages"}],"about":[{"href":"https:\/\/taxibrela.com\/hr\/wp-json\/wp\/v2\/types\/page"}],"author":[{"embeddable":true,"href":"https:\/\/taxibrela.com\/hr\/wp-json\/wp\/v2\/users\/1"}],"replies":[{"embeddable":true,"href":"https:\/\/taxibrela.com\/hr\/wp-json\/wp\/v2\/comments?post=6457"}],"version-history":[{"count":6,"href":"https:\/\/taxibrela.com\/hr\/wp-json\/wp\/v2\/pages\/6457\/revisions"}],"predecessor-version":[{"id":6852,"href":"https:\/\/taxibrela.com\/hr\/wp-json\/wp\/v2\/pages\/6457\/revisions\/6852"}],"wp:attachment":[{"href":"https:\/\/taxibrela.com\/hr\/wp-json\/wp\/v2\/media?parent=6457"}],"curies":[{"name":"wp","href":"https:\/\/api.w.org\/{rel}","templated":true}]}}